{"id":1157,"date":"2024-03-04T10:04:02","date_gmt":"2024-03-04T10:04:02","guid":{"rendered":"https:\/\/gealex.eu\/informativa-sul-trattamento-dei-dati-personali\/"},"modified":"2024-03-04T10:04:02","modified_gmt":"2024-03-04T10:04:02","slug":"informativa-sul-trattamento-dei-dati-personali","status":"publish","type":"page","link":"https:\/\/gealex.eu\/en\/informativa-sul-trattamento-dei-dati-personali\/","title":{"rendered":"INFORMATIVA SUL TRATTAMENTO DEI DATI PERSONALI"},"content":{"rendered":"\n<p class=\"has-text-align-center\"><strong>&#8211; Navigazione Sito &#8211;<\/strong><\/p>\n\n\n\n<p><a>In GeALex siamo consapevoli dell\u2019importanza della tutela dei dati personali. Per questo, in qualit\u00e0 di titolare del trattamento, ti informiamo che<\/a> tratteremo i dati personali acquisiti tramite la navigazione del nostro sito <a href=\"http:\/\/www.gealex.eu\">www.gealex.eu<\/a> (\u201c<strong>Sito<\/strong>\u201d) nel rispetto della legge in materia.<\/p>\n\n\n\n<p>Ai sensi dell\u2019art. 13 Regolamento (UE) n. 2016\/679 (\u201c<strong>Regolamento<\/strong>\u201d), dunque, riportiamo le informazioni relative alle <strong>modalit\u00e0 di gestione<\/strong> e ai <strong>trattamenti<\/strong> dei dati correlati alla navigazione, riservandoci il diritto di modificarle previa comunicazione, anche tramite pubblicazione sul Sito.<\/p>\n\n\n\n<p>Per ogni attivit\u00e0 correlata agli ulteriori servizi offerti dal Sito, di contro, ti invitiamo a visitare le informative specifiche che troverai al momento in cui vorrai usufruire degli stessi.<\/p>\n\n\n\n<p><strong>1. Titolare del Trattamento<\/strong><\/p>\n\n\n\n<p>Il titolare del trattamento dei dati che condividi a seguito della navigazione \u00e8 GeALex ossia lo studio legale Guardamagna e Associati \u2013 GeALex (P. Iva n. 07224970157), Piazza San Pietro in Gessate, 2, 20122 \u2013 Milano. Qualora avessi dubbi in merito ai trattamenti o volessi esercitare i diritti di cui alla Sezione 8, puoi contattarci all\u2019indirizzo di posta elettronica: <a href=\"mailto:segreteria@gealex.eu\">segreteria@gealex.eu<\/a><\/p>\n\n\n\n<p><strong>2. Tipi di dati raccolti, finalit\u00e0 e base giuridica del trattamento<\/strong><\/p>\n\n\n\n<p>Quando utilizzi il Sito, raccogliamo i tuoi seguenti dati (\u201c<strong>Dati<\/strong>\u201d):<\/p>\n\n\n\n<p><em><u>(i) Dati di navigazione<\/u><\/em>: si tratta dei dati personali la cui trasmissione \u00e8 implicita nell\u2019uso dei protocolli di comunicazione di Internet e tra questi rientrano gli indirizzi IP o i nomi a dominio dei terminali degli utenti che si connettono al sito, i MAC (Media Access Control) <em>address<\/em>, gli indirizzi in notazione URI (Uniform Resource Identifier) delle risorse richieste, l\u2019orario della richiesta, il metodo utilizzato nel sottoporre la richiesta al server, la dimensione del file ottenuto in risposta, il codice numerico indicante lo stato della risposta data dal server (buon fine, errore, ecc.) ed altri parametri relativi al sistema operativo e all\u2019ambiente informatico dell\u2019utente.<\/p>\n\n\n\n<p>Utilizzeremo tali dati per le seguenti finalit\u00e0:<\/p>\n\n\n\n<p>&#8211; &nbsp;&nbsp;&nbsp; <em>ricavare informazioni statistiche anonime<\/em> sull\u2019uso del sito e per controllarne il corretto funzionamento e vengono cancellati immediatamente dopo l\u2019elaborazione. I dati potrebbero essere utilizzati per l\u2019accertamento di responsabilit\u00e0 in caso di ipotetici reati informatici ai danni del sito. Base giuridica di tale trattamento \u00e8 l\u2019art. 6 (1)(b) del Regolamento, in quanto necessario a consentirti di fruire del servizio richiesto.<\/p>\n\n\n\n<p>&#8211;&nbsp;&nbsp;&nbsp;&nbsp; <em>adempiere ad obblighi di legge o richieste dell\u2019Autorit\u00e0 giudiziaria<\/em>. Base giuridica di tale trattamento \u00e8 l\u2019art. 6 (1) (c) del Regolamento, in quanto \u00e8 necessario per adempiere un obbligo legale al quale siamo soggetti.<\/p>\n\n\n\n<p><em><u>(ii) Dati da te volontariamente forniti<\/u><\/em>: sono i dati che volontariamente condividi inviandoci messaggi di posta elettronica agli indirizzi presenti sul Sito, quali ad esempio il tuo indirizzo e-mail e gli ulteriori dati personali che inserirai nel messaggio.<\/p>\n\n\n\n<p>Utilizzeremo tali dati per le seguenti finalit\u00e0:<\/p>\n\n\n\n<p>&#8211; &nbsp;&nbsp;&nbsp; <em>rispondere alle tue richieste<\/em>. Base giuridica di tale trattamento \u00e8 l\u2019art. 6 (1) (b) del Regolamento, in quanto necessario a fornirti il servizio richiesto;<\/p>\n\n\n\n<p>&#8211; &nbsp;&nbsp;&nbsp; <em>adempiere ad obblighi di legge o richieste dell\u2019Autorit\u00e0 giudiziaria<\/em>. Base giuridica di tale trattamento \u00e8 l\u2019art. 6 (1) (c) del Regolamento, in quanto il \u00e8 necessario per adempiere un obbligo legale al quale siamo soggetti.<\/p>\n\n\n\n<p><em><u>(iii) Cookie<\/u><\/em>: per la definizione di <em>cookie<\/em> e ogni ulteriore informazione in merito, ti invitiamo a consultare l\u2019apposita sezione del Sito [inserire link alla cookie policy].<\/p>\n\n\n\n<p><strong>3. Conservazione dei Dati<\/strong><\/p>\n\n\n\n<p><a>I nostri sistemi conservano i Dati di navigazione di cui alla Sezione 2 (i) per il tempo necessario a erogare il servizio e per i successivi di 7 giorni. Al termine, i Dati sono automaticamente cancellati.<\/a><\/p>\n\n\n\n<p>Conserviamo i Dati da te volontariamente forniti tramite gli strumenti messi a disposizione sul Sito (form, indirizzi e-mail di contatto, ecc..) di cui alla Sezione 2 (ii) per il tempo necessario a fornirti un riscontro e comunque nel termine massimo di 6 mesi dall\u2019esaurimento di tale attivit\u00e0.<\/p>\n\n\n\n<p><strong>4.<\/strong> <strong>Modalit\u00e0 di trattamento<\/strong><\/p>\n\n\n\n<p><a>GeALex tratter\u00e0 i Dati tramite personale autorizzato, con strumenti cartacei e automatizzati, tramite organizzazione in <em>database<\/em> e memorizzazione su supporti idonei (tra cui quelli informatici e cartacei) e in assenza di processi decisionali automatizzati. Specifiche misure di sicurezza sono state adottate per prevenire la perdita dei Dati, eventuali usi illeciti o non corretti degli stessi e accessi da parte di terzi non autorizzati.<\/a><\/p>\n\n\n\n<p><strong>5. Conferimento dei Dati<\/strong><\/p>\n\n\n\n<p>Per poter accedere e navigare sul Sito \u00e8:<\/p>\n\n\n\n<p>&#8211; necessario il conferimento dei Dati di navigazione; in mancanza, non sarebbe possibile navigare il Sito.<\/p>\n\n\n\n<p>&#8211; facoltativo conferire ogni ulteriori Dati; in mancanza, la sola conseguenza sar\u00e0 l\u2019impossibilit\u00e0 di usufruire degli ulteriori servizi per cui tali dati ulteriori sono richiesti.<\/p>\n\n\n\n<p><strong>6. Comunicazione dei Dati<\/strong><\/p>\n\n\n\n<p><a><\/a><a>GeALex potr\u00e0<\/a> comunicare i Dati a:<\/p>\n\n\n\n<p><em>(i)<\/em> soggetti a cui sia riconosciuta la facolt\u00e0 e l\u2019interesse di accedervi da norme di legge;<\/p>\n\n\n\n<p><em>(ii)<\/em> societ\u00e0, associazioni o studi professionali che prestino servizi ed attivit\u00e0 per nostro conto in qualit\u00e0 di Responsabili del Trattamento per l\u2019adempimento di obblighi di legge, nonch\u00e9 per ogni esigenza organizzativa ed amministrativa necessaria per fornire i servizi richiesti (\u201c<strong>Responsabili<\/strong>\u201d). I nominativi dei Responsabili sono richiedibili ai recapiti indicati al punto 1.<\/p>\n\n\n\n<p>Resta inteso che non diffondiamo i Dati.<\/p>\n\n\n\n<p><strong>7. Trasferimento di Dati<\/strong><\/p>\n\n\n\n<p><a>GeALex non trasferisce i <\/a>Dati a soggetti situati al di fuori dello Spazio Economico Europeo o ad organizzazioni internazionali.<\/p>\n\n\n\n<p><strong>8. I tuoi diritti<\/strong><\/p>\n\n\n\n<p>L\u2019utilizzatore del Sito ha la facolt\u00e0 di esercitare in ogni momento i diritti previsti dagli art. 15 e ss&nbsp; Regolamento, tra cui:<\/p>\n\n\n\n<ul class=\"wp-block-list\">\n<li>richiedere informazioni su: <em>(i)<\/em> origine dei Dati; <em>(ii)<\/em> finalit\u00e0 e modalit\u00e0 del trattamento; <em>(iii)<\/em> logica applicata in caso di uso di strumenti elettronici; <em>(iv)<\/em> Responsabili del trattamento coinvolti.<\/li>\n\n\n\n<li>ottenere: <em>(i)<\/em> l\u2019accesso, l\u2019aggiornamento, la rettifica o l\u2019integrazione dei Dati;<em> (ii)<\/em> la cancellazione, la trasformazione in forma anonima o il blocco dei Dati trattati in violazione di legge; <em>(iii)<\/em> la limitazione del trattamento dei Dati; <em>(iv)<\/em> la copia dei Dati in formato standard;<\/li>\n\n\n\n<li><strong>opporti nei casi previsti dall\u2019art. 21 del Regolamento ai trattamenti da GeALex eventualmente svolti;<\/strong><\/li>\n\n\n\n<li>revocare, in qualsiasi momento, il consenso da te eventualmente prestato e sulla base del quale \u00e8 avvenuto il trattamento, senza pregiudicare la liceit\u00e0 del trattamento basata sul consenso prestato prima della revoca.<\/li>\n\n\n\n<li>proporre, qualora ritenga che il trattamento dei Dati sia in contrasto con la normativa, reclamo all\u2019autorit\u00e0 di controllo dello Stato membro in cui risiedi abitualmente o lavori oppure del luogo ove si \u00e8 verificata la presunta violazione.<\/li>\n<\/ul>\n\n\n\n<p><a>Per esercitare i diritti sopra elencati, potr\u00e0 rivolgere apposita richiesta mediante email inviata a <\/a><a href=\"mailto:segreteria@gealex.eu\">segreteria@gealex.eu<\/a>.<\/p>\n\n\n\n<p>L\u2019Autorit\u00e0 di controllo italiana pu\u00f2 essere raggiunta ai recapiti presenti sul <a href=\"http:\/\/www.garanteprivacy.it\">sito<\/a>: <a href=\"https:\/\/www.gpdp.it\/\">https:\/\/www.gpdp.it\/<\/a>.<\/p>\n\n\n\n<p><\/p>\n","protected":false},"excerpt":{"rendered":"<p>&#8211; Navigazione Sito &#8211; In GeALex siamo consapevoli dell\u2019importanza della tutela dei dati personali. Per questo, in qualit\u00e0 di titolare del trattamento, ti informiamo che tratteremo i dati personali acquisiti tramite la navigazione del nostro sito www.gealex.eu (\u201cSito\u201d) nel rispetto della legge in materia. Ai sensi dell\u2019art. 13 Regolamento (UE) n. 2016\/679 (\u201cRegolamento\u201d), dunque, riportiamo [&hellip;]<\/p>\n","protected":false},"author":1,"featured_media":0,"parent":0,"menu_order":0,"comment_status":"closed","ping_status":"closed","template":"single-page.php","meta":{"inline_featured_image":false,"footnotes":""},"class_list":["post-1157","page","type-page","status-publish","hentry"],"acf":[],"_links":{"self":[{"href":"https:\/\/gealex.eu\/en\/wp-json\/wp\/v2\/pages\/1157","targetHints":{"allow":["GET"]}}],"collection":[{"href":"https:\/\/gealex.eu\/en\/wp-json\/wp\/v2\/pages"}],"about":[{"href":"https:\/\/gealex.eu\/en\/wp-json\/wp\/v2\/types\/page"}],"author":[{"embeddable":true,"href":"https:\/\/gealex.eu\/en\/wp-json\/wp\/v2\/users\/1"}],"replies":[{"embeddable":true,"href":"https:\/\/gealex.eu\/en\/wp-json\/wp\/v2\/comments?post=1157"}],"version-history":[{"count":0,"href":"https:\/\/gealex.eu\/en\/wp-json\/wp\/v2\/pages\/1157\/revisions"}],"wp:attachment":[{"href":"https:\/\/gealex.eu\/en\/wp-json\/wp\/v2\/media?parent=1157"}],"curies":[{"name":"wp","href":"https:\/\/api.w.org\/{rel}","templated":true}]}}